{"id":95,"date":"2021-11-25T07:36:09","date_gmt":"2021-11-25T07:36:09","guid":{"rendered":"https:\/\/weinbau-haller.at\/?post_type=product&#038;p=95"},"modified":"2026-03-15T11:23:50","modified_gmt":"2026-03-15T11:23:50","slug":"weinviertel-dac-ried-fuerstenberg-2020","status":"publish","type":"product","link":"https:\/\/weinbau-haller.at\/?product=weinviertel-dac-ried-fuerstenberg-2020","title":{"rendered":"WEINVIERTEL DAC RIED F\u00dcRSTENBERG 2024 und 2025"},"content":{"rendered":"","protected":false},"excerpt":{"rendered":"<p>typisch w\u00fcrziger, pfeffriger Gr\u00fcner Veltliner, angenehme Apfelfrucht<br \/>\nAlk. 12,5 % \u2022 RZ 2,2 g \u2022 S\u00e4ure 5,6 g\/l \u2022 0,75l<\/p>\n","protected":false},"featured_media":98,"comment_status":"open","ping_status":"closed","template":"","meta":{"neve_meta_sidebar":"","neve_meta_container":"","neve_meta_enable_content_width":"off","neve_meta_content_width":100,"neve_meta_title_alignment":"","neve_meta_author_avatar":"","neve_post_elements_order":"","neve_meta_disable_header":"","neve_meta_disable_footer":"","neve_meta_disable_title":"","_themeisle_gutenberg_block_has_review":false},"product_brand":[],"product_cat":[20],"product_tag":[],"class_list":{"0":"post-95","1":"product","2":"type-product","3":"status-publish","4":"has-post-thumbnail","6":"product_cat-die-klassiker-des-weinviertels","8":"first","9":"instock","10":"shipping-taxable","11":"purchasable","12":"product-type-simple"},"_links":{"self":[{"href":"https:\/\/weinbau-haller.at\/index.php?rest_route=\/wp\/v2\/product\/95","targetHints":{"allow":["GET"]}}],"collection":[{"href":"https:\/\/weinbau-haller.at\/index.php?rest_route=\/wp\/v2\/product"}],"about":[{"href":"https:\/\/weinbau-haller.at\/index.php?rest_route=\/wp\/v2\/types\/product"}],"replies":[{"embeddable":true,"href":"https:\/\/weinbau-haller.at\/index.php?rest_route=%2Fwp%2Fv2%2Fcomments&post=95"}],"wp:featuredmedia":[{"embeddable":true,"href":"https:\/\/weinbau-haller.at\/index.php?rest_route=\/wp\/v2\/media\/98"}],"wp:attachment":[{"href":"https:\/\/weinbau-haller.at\/index.php?rest_route=%2Fwp%2Fv2%2Fmedia&parent=95"}],"wp:term":[{"taxonomy":"product_brand","embeddable":true,"href":"https:\/\/weinbau-haller.at\/index.php?rest_route=%2Fwp%2Fv2%2Fproduct_brand&post=95"},{"taxonomy":"product_cat","embeddable":true,"href":"https:\/\/weinbau-haller.at\/index.php?rest_route=%2Fwp%2Fv2%2Fproduct_cat&post=95"},{"taxonomy":"product_tag","embeddable":true,"href":"https:\/\/weinbau-haller.at\/index.php?rest_route=%2Fwp%2Fv2%2Fproduct_tag&post=95"}],"curies":[{"name":"wp","href":"https:\/\/api.w.org\/{rel}","templated":true}]}}